{"id":862,"date":"2023-02-12T10:25:04","date_gmt":"2023-02-12T09:25:04","guid":{"rendered":"https:\/\/www.hermandadrosarioburguillos.es\/nueva\/?page_id=862"},"modified":"2024-02-14T12:59:29","modified_gmt":"2024-02-14T11:59:29","slug":"prologo-historia-de-la-hermandad","status":"publish","type":"page","link":"https:\/\/www.hermandadrosarioburguillos.es\/index.php\/prologo-historia-de-la-hermandad\/","title":{"rendered":"Pr\u00f3logo Historia de la Hermandad"},"content":{"rendered":"\n<figure class=\"wp-block-image alignleft size-large\"><img decoding=\"async\" src=\"https:\/\/hermandadrosarioburguillos.es\/wp-content\/uploads\/2023\/02\/historia_libro.jpg\" alt=\"\"\/><\/figure>\n\n\n\n<p>Muy pocas instituciones de la Di\u00f3cesis de SEVILLA pueden presumir de m\u00e1s de cuatro siglos y medio de historia ininterrumpida como la Antigua , Devota y Fervorosa Hermandad de Ntra. Sra. del Rosario, Patrona y Alcaldesa Perpetua de la villa de Burguillos. As\u00ed, las primeras noticias escritas sobre la existencia de la devoci\u00f3n en nuestro pueblo se fechan hacia 1550, por lo que intentar resumir esta larga y rica historia en unos p\u00e1rrafos es tarea harto complicada. No obstante, aprovechando los trabajos realizados para el Expediente de Coronaci\u00f3n Can\u00f3nica, os ofrecemos a continuaci\u00f3n tres art\u00edculos con el siguiente contenido:<\/p>\n\n\n\n<ul class=\"wp-block-list\">\n<li><a href=\"https:\/\/hermandadrosarioburguillos.es\/index.php\/origenes-siglo-xvii\/\" data-type=\"page\" data-id=\"838\">Or\u00edgenes y S. XVII. Estudio realizado por el historiador, D. Salvador Hern\u00e1ndez Gonz\u00e1lez.<\/a><\/li>\n\n\n\n<li><a href=\"https:\/\/hermandadrosarioburguillos.es\/index.php\/prologo-historia-de-la-hermandad\/siglo-xviii-siglo-xix\/\" data-type=\"link\" data-id=\"https:\/\/hermandadrosarioburguillos.es\/index.php\/prologo-historia-de-la-hermandad\/siglo-xviii-siglo-xix\/\">S. XVIII y XIX, a cargo del licenciado en Historia, N.H.D. Joaqu\u00edn Vel\u00e1zquez Gallego.<\/a><\/li>\n\n\n\n<li><a href=\"https:\/\/hermandadrosarioburguillos.es\/index.php\/prologo-historia-de-la-hermandad\/historia-el-siglo-xx\/\" data-type=\"link\" data-id=\"https:\/\/hermandadrosarioburguillos.es\/index.php\/prologo-historia-de-la-hermandad\/historia-el-siglo-xx\/\">Siglo XX hasta la actualidad, escrito por nuestro ex Hermano Mayor, D. Miguel Vel\u00e1zquez Prieto.<\/a><\/li>\n<\/ul>\n\n\n\n<p>De estos textos si se pueden extraer los datos m\u00e1s significativos que han ido formando nuestra personalidad a lo largo de las centurias, hasta llegar al floreciente presente que ahora vivimos con el acontecimiento irrepetible de la Coronaci\u00f3n Can\u00f3nica de la Stma. Virgen prevista para el pr\u00f3ximo 16 de mayo de 2009.<\/p>\n","protected":false},"excerpt":{"rendered":"<p>Muy pocas instituciones de la Di\u00f3cesis de SEVILLA pueden presumir de m\u00e1s de cuatro siglos y medio de historia ininterrumpida como la Antigua , Devota y Fervorosa Hermandad de Ntra. Sra. del Rosario, Patrona y Alcaldesa Perpetua de la villa de Burguillos. As\u00ed, las primeras noticias escritas sobre la existencia de la devoci\u00f3n en nuestro [&hellip;]<\/p>\n","protected":false},"author":1,"featured_media":868,"parent":0,"menu_order":0,"comment_status":"closed","ping_status":"closed","template":"","meta":{"_themeisle_gutenberg_block_has_review":false,"footnotes":""},"class_list":["post-862","page","type-page","status-publish","has-post-thumbnail","hentry"],"_links":{"self":[{"href":"https:\/\/www.hermandadrosarioburguillos.es\/index.php\/wp-json\/wp\/v2\/pages\/862"}],"collection":[{"href":"https:\/\/www.hermandadrosarioburguillos.es\/index.php\/wp-json\/wp\/v2\/pages"}],"about":[{"href":"https:\/\/www.hermandadrosarioburguillos.es\/index.php\/wp-json\/wp\/v2\/types\/page"}],"author":[{"embeddable":true,"href":"https:\/\/www.hermandadrosarioburguillos.es\/index.php\/wp-json\/wp\/v2\/users\/1"}],"replies":[{"embeddable":true,"href":"https:\/\/www.hermandadrosarioburguillos.es\/index.php\/wp-json\/wp\/v2\/comments?post=862"}],"version-history":[{"count":6,"href":"https:\/\/www.hermandadrosarioburguillos.es\/index.php\/wp-json\/wp\/v2\/pages\/862\/revisions"}],"predecessor-version":[{"id":1815,"href":"https:\/\/www.hermandadrosarioburguillos.es\/index.php\/wp-json\/wp\/v2\/pages\/862\/revisions\/1815"}],"wp:featuredmedia":[{"embeddable":true,"href":"https:\/\/www.hermandadrosarioburguillos.es\/index.php\/wp-json\/wp\/v2\/media\/868"}],"wp:attachment":[{"href":"https:\/\/www.hermandadrosarioburguillos.es\/index.php\/wp-json\/wp\/v2\/media?parent=862"}],"curies":[{"name":"wp","href":"https:\/\/api.w.org\/{rel}","templated":true}]}}