{"id":1673,"date":"2024-02-13T14:21:38","date_gmt":"2024-02-13T13:21:38","guid":{"rendered":"https:\/\/www.hermandadrosarioburguillos.es\/nueva\/?page_id=1673"},"modified":"2024-02-14T12:53:50","modified_gmt":"2024-02-14T11:53:50","slug":"titulo-de-alcaldesa-pertua-de-la-villa","status":"publish","type":"page","link":"https:\/\/www.hermandadrosarioburguillos.es\/index.php\/la-devocion\/titulo-de-alcaldesa-pertua-de-la-villa\/","title":{"rendered":"T\u00edtulo de Alcaldesa Pertua de la Villa"},"content":{"rendered":"\n<figure class=\"wp-block-image alignleft size-large\"><img decoding=\"async\" src=\"https:\/\/hermandadrosarioburguillos.es\/wp-content\/uploads\/2024\/02\/angel_alcaldesa_peq.jpg\" alt=\"\"\/><\/figure>\n\n\n\n<p>Al contrario de lo comentado en el apartado referido al Patronazgo, el reconocimiento de la Virgen del Rosario como Alcaldesa Perpetua de la Villa de Burguillos es contempor\u00e1neo y est\u00e1 perfectamente fechado. Concretamente, el 14 de mayo de 2003 el Pleno del Excelent\u00edsimo Ayuntamiento de Burguillos adoptaba por unanimidad el siguiente acuerdo: <strong><em>\u00abEn atenci\u00f3n al acervo devocional que une desde tiempo inmemorial al pueblo de Burguillos con la Sant\u00edsima Virgen del Rosario se acuerda nombrarla Alcaldesa Perpetua de la Villa\u00bb<\/em><\/strong>. Para que este reconocimiento tuviera una representaci\u00f3n simb\u00f3lica, el 28 de septiembre de 2003, en el transcurso de una Ceremonia inolvidable para todos los que tuvimos la ocasi\u00f3n de presenciarla, se hac\u00eda entrega a la Virgen del Bast\u00f3n de Mando acreditativo de tal condici\u00f3n. Desde entonces un angelito situado a sus plantas lo porta en cada una de sus salidas Procesionales, indicando a todos los que contemplan el Paso de la Se\u00f1ora que no cabe en Burguillos m\u00e1s honor, ni civil ni religioso, para tan se\u00f1era Imagen de la Virgen Mar\u00eda.<\/p>\n","protected":false},"excerpt":{"rendered":"<p>Al contrario de lo comentado en el apartado referido al Patronazgo, el reconocimiento de la Virgen del Rosario como Alcaldesa Perpetua de la Villa de Burguillos es contempor\u00e1neo y est\u00e1 perfectamente fechado. Concretamente, el 14 de mayo de 2003 el Pleno del Excelent\u00edsimo Ayuntamiento de Burguillos adoptaba por unanimidad el siguiente acuerdo: \u00abEn atenci\u00f3n al [&hellip;]<\/p>\n","protected":false},"author":1,"featured_media":0,"parent":1198,"menu_order":4,"comment_status":"closed","ping_status":"closed","template":"","meta":{"_themeisle_gutenberg_block_has_review":false,"footnotes":""},"class_list":["post-1673","page","type-page","status-publish","hentry"],"_links":{"self":[{"href":"https:\/\/www.hermandadrosarioburguillos.es\/index.php\/wp-json\/wp\/v2\/pages\/1673"}],"collection":[{"href":"https:\/\/www.hermandadrosarioburguillos.es\/index.php\/wp-json\/wp\/v2\/pages"}],"about":[{"href":"https:\/\/www.hermandadrosarioburguillos.es\/index.php\/wp-json\/wp\/v2\/types\/page"}],"author":[{"embeddable":true,"href":"https:\/\/www.hermandadrosarioburguillos.es\/index.php\/wp-json\/wp\/v2\/users\/1"}],"replies":[{"embeddable":true,"href":"https:\/\/www.hermandadrosarioburguillos.es\/index.php\/wp-json\/wp\/v2\/comments?post=1673"}],"version-history":[{"count":3,"href":"https:\/\/www.hermandadrosarioburguillos.es\/index.php\/wp-json\/wp\/v2\/pages\/1673\/revisions"}],"predecessor-version":[{"id":1810,"href":"https:\/\/www.hermandadrosarioburguillos.es\/index.php\/wp-json\/wp\/v2\/pages\/1673\/revisions\/1810"}],"up":[{"embeddable":true,"href":"https:\/\/www.hermandadrosarioburguillos.es\/index.php\/wp-json\/wp\/v2\/pages\/1198"}],"wp:attachment":[{"href":"https:\/\/www.hermandadrosarioburguillos.es\/index.php\/wp-json\/wp\/v2\/media?parent=1673"}],"curies":[{"name":"wp","href":"https:\/\/api.w.org\/{rel}","templated":true}]}}