{"id":1662,"date":"2024-02-13T14:07:21","date_gmt":"2024-02-13T13:07:21","guid":{"rendered":"https:\/\/www.hermandadrosarioburguillos.es\/nueva\/?page_id=1662"},"modified":"2024-02-14T12:54:48","modified_gmt":"2024-02-14T11:54:48","slug":"la-union-con-el-puebla","status":"publish","type":"page","link":"https:\/\/www.hermandadrosarioburguillos.es\/index.php\/la-devocion\/la-union-con-el-puebla\/","title":{"rendered":"La uni\u00f3n con el Pueblo"},"content":{"rendered":"\n<figure class=\"wp-block-image alignleft size-large\"><img decoding=\"async\" src=\"https:\/\/hermandadrosarioburguillos.es\/wp-content\/uploads\/2023\/09\/viernes_manana1.jpg\" alt=\"\"\/><\/figure>\n\n\n\n<p>Burguillos no se entiende sin su Virgen del Rosario, nada hay m\u00e1s profundamente burguillero que la devoci\u00f3n a la Se\u00f1ora. Aqu\u00ed nadie elige una Imagen a la que venerar, simplemente se nace con Ella arraigada en el coraz\u00f3n. Sin duda, la Patrona constituye la principal se\u00f1a de identidad de nuestro pueblo, que no se entiende ni se comprende sin la presencia de esta antiqu\u00edsima Devoci\u00f3n, como si se tratara del anverso y el reverso de una misma realidad. El burguillero recurre a la Virgen siempre, desde su nacimiento hasta que agota el \u00faltimo suspiro de vida. En el Bautismo nunca falta la instant\u00e1nea fotogr\u00e1fica ante su Altar, igual que al contraer matrimonio. Tambi\u00e9n es revelador el final de las Misas diarias, cuando de forma espont\u00e1nea todos los feligreses que han participado en la Eucarist\u00eda se dirigen hacia el Sagrario para musitar una oraci\u00f3n a la Virgen antes de abandonar la Parroquia. Que decir de nuestra vida cotidiana, en la que la Virgen aparece por doquier: enmarcada en cualquier hogar, guardada como recuerdo en todas las carteras, en las medallas que cuelgan en el interior de los veh\u00edculos, prendidas de las cadenas doradas que adornan tantos pechos, etc. Incluso, nuestra Devoci\u00f3n m\u00e1s querida aparece en el habla; as\u00ed es com\u00fan que se diga que tal objeto tiene no se cuantas V\u00edrgenes del Rosario, en vez de referirse a los a\u00f1os; o que califiquemos a una persona como vestida de virgen cuando va estrenando atuendo. Por cierto, es altamente revelador que los Burguilleros cuando nos referimos a esta Imagen hablemos, simple y llanamente, de la Virgen , sin necesidad de pronunciar su nombre o a\u00f1adirle el t\u00edtulo de su Advocaci\u00f3n. No hace falta, sin nombrarla todos sabemos de quien hablamos. Y de esta forma llegamos a la muerte, basta con acudir al Cementerio Municipal y echar un vistazo a las m\u00faltiples l\u00e1pidas: la Imagen m\u00e1s repetida es la de la Se\u00f1ora. Para ejemplificar esta un\u00ed\u00f3n insoslayable que cumple siglos en vez de a\u00f1os, insertemos los versos populares:<\/p>\n\n\n\n<p class=\"has-text-align-center\">Le dir\u00e9 que cuando muera<\/p>\n\n\n\n<p class=\"has-text-align-center\">Quiero que me lleven al Sagrario<\/p>\n\n\n\n<p class=\"has-text-align-center\">Para decirle, solamente,<\/p>\n\n\n\n<p class=\"has-text-align-center\">Aqu\u00ed me tienes Rosario<\/p>\n","protected":false},"excerpt":{"rendered":"<p>Burguillos no se entiende sin su Virgen del Rosario, nada hay m\u00e1s profundamente burguillero que la devoci\u00f3n a la Se\u00f1ora. Aqu\u00ed nadie elige una Imagen a la que venerar, simplemente se nace con Ella arraigada en el coraz\u00f3n. Sin duda, la Patrona constituye la principal se\u00f1a de identidad de nuestro pueblo, que no se entiende [&hellip;]<\/p>\n","protected":false},"author":1,"featured_media":0,"parent":1198,"menu_order":2,"comment_status":"closed","ping_status":"closed","template":"","meta":{"_themeisle_gutenberg_block_has_review":false,"footnotes":""},"class_list":["post-1662","page","type-page","status-publish","hentry"],"_links":{"self":[{"href":"https:\/\/www.hermandadrosarioburguillos.es\/index.php\/wp-json\/wp\/v2\/pages\/1662"}],"collection":[{"href":"https:\/\/www.hermandadrosarioburguillos.es\/index.php\/wp-json\/wp\/v2\/pages"}],"about":[{"href":"https:\/\/www.hermandadrosarioburguillos.es\/index.php\/wp-json\/wp\/v2\/types\/page"}],"author":[{"embeddable":true,"href":"https:\/\/www.hermandadrosarioburguillos.es\/index.php\/wp-json\/wp\/v2\/users\/1"}],"replies":[{"embeddable":true,"href":"https:\/\/www.hermandadrosarioburguillos.es\/index.php\/wp-json\/wp\/v2\/comments?post=1662"}],"version-history":[{"count":6,"href":"https:\/\/www.hermandadrosarioburguillos.es\/index.php\/wp-json\/wp\/v2\/pages\/1662\/revisions"}],"predecessor-version":[{"id":1811,"href":"https:\/\/www.hermandadrosarioburguillos.es\/index.php\/wp-json\/wp\/v2\/pages\/1662\/revisions\/1811"}],"up":[{"embeddable":true,"href":"https:\/\/www.hermandadrosarioburguillos.es\/index.php\/wp-json\/wp\/v2\/pages\/1198"}],"wp:attachment":[{"href":"https:\/\/www.hermandadrosarioburguillos.es\/index.php\/wp-json\/wp\/v2\/media?parent=1662"}],"curies":[{"name":"wp","href":"https:\/\/api.w.org\/{rel}","templated":true}]}}