{"id":1281,"date":"2023-09-14T14:10:11","date_gmt":"2023-09-14T13:10:11","guid":{"rendered":"https:\/\/www.hermandadrosarioburguillos.es\/nueva\/?page_id=1281"},"modified":"2024-02-14T08:44:04","modified_gmt":"2024-02-14T07:44:04","slug":"fiestas","status":"publish","type":"page","link":"https:\/\/www.hermandadrosarioburguillos.es\/index.php\/fiestas\/","title":{"rendered":"Fiestas"},"content":{"rendered":"\n<figure class=\"wp-block-image alignleft size-large\"><img decoding=\"async\" src=\"https:\/\/hermandadrosarioburguillos.es\/wp-content\/uploads\/2023\/09\/viernes_manana1.jpg\" alt=\"\"\/><\/figure>\n\n\n\n<figure class=\"wp-block-image alignright size-large\"><img decoding=\"async\" src=\"https:\/\/hermandadrosarioburguillos.es\/wp-content\/uploads\/2023\/09\/reinas.jpg\" alt=\"\"\/><\/figure>\n\n\n\n<p>En su actual configuraci\u00f3n las Fiestas Patronales en honor de la Sant\u00edsima Virgen del Rosario parten del a\u00f1o 1976, cuando se decide realizar en Jueves la Funci\u00f3n Principal y Procesiones y en S\u00e1bado la Romer\u00eda. El experimento no se consolida, pues al a\u00f1o siguiente se instaura la situaci\u00f3n que llega hasta hoy: el d\u00eda de la Virgen coincide siempre con el Primer Viernes de Octubre y el domingo inmediato se celebra la Romer\u00eda. Con anterioridad a lo dicho contemplamos una realidad diferente: el d\u00eda grande es el primer domingo de octubre y el martes siguiente tiene lugar la Romer\u00eda. Independientemente de estos cambios puntuales, una constante es la coincidencia de las celebraciones religiosas en honor de la Virgen con los d\u00edas de Fiesta del pueblo. Durante tres cuartos del siglo XX esto se mantuvo de esta forma, y s\u00f3lo a partir de 1970 se funda una segunda Feria en honor de San Crist\u00f3bal, titular de la Parroquia. Por tanto, hist\u00f3ricamente, las Fiestas primero y la Feria con casetas, despu\u00e9s, han estado indisolublemente unidas a los actos de octubre en honor de la Sant\u00edsima Virgen del Rosario. Pasemos a describir someramente el contenido de estas Fiestas, con caracteres muy peculiares y genuinos, que le otorgan una personalidad \u00fanica e intransferible. Todo comienza el jueves inmediatamente anterior al primer Viernes de Octubre. Es lo que denominamos la V\u00edspera , en la que a las 6 de la ma\u00f1ana tiene lugar un multitudinario Rosario de la Aurora , encabezado por el Simpecado de la Hermandad y que discurre por el recorrido que al d\u00eda siguiente abarcar\u00e1n las Procesiones. El resto de la jornada se dedica a la preparaci\u00f3n de todos los detalles que dar\u00e1n esplendor al d\u00eda m\u00e1s esperado de todo el a\u00f1o. El d\u00eda de la Virgen, coincidente como hemos indicado con el Primer Viernes de Octubre, comienza bien temprano con las vibrantes dianas de la Banda de M\u00fasica de Burguillos. A las 10 de la ma\u00f1ana tiene lugar la Funci\u00f3n Principal , presidida por la Se\u00f1ora entronizada en su dorado Paso de Salida. Una vez finalizada la Ceremonia religiosa se inicia la Procesi\u00f3n matutina de la Virgen que suele finalizar sobre las 3 de la tarde con la tradicional puja. A las 10 de la noche comienza la Segunda Procesi\u00f3n con el acompa\u00f1amiento musical en este caso de la Banda de Olivares. Sobre el origen de esta segunda Procesi\u00f3n poco sabemos, aunque lo cierto es que se ha venido repitiendo a lo largo de toda la centuria pasada. La tradici\u00f3n oral nos ha legado una curiosa teor\u00eda sobre la instauraci\u00f3n de esta Procesi\u00f3n vespertina: en un principio parece que s\u00f3lo exist\u00eda el recorrido procesional de la ma\u00f1ana, lo que imposibilitaba a muchos jornaleros ver a la Virgen en la Calle , pues trabajaban en el campo de sol a sol, precisamente para que estos trabajadores presenciaran a la Patrona en su Paso nace la procesi\u00f3n nocturna.<\/p>\n\n\n\n<figure class=\"wp-block-image alignleft size-large\"><img decoding=\"async\" src=\"https:\/\/hermandadrosarioburguillos.es\/wp-content\/uploads\/2023\/09\/romeria1.jpg\" alt=\"\"\/><\/figure>\n\n\n\n<figure class=\"wp-block-image alignright size-large\"><img decoding=\"async\" src=\"https:\/\/hermandadrosarioburguillos.es\/wp-content\/uploads\/2023\/09\/romeria2.jpg\" alt=\"\"\/><\/figure>\n\n\n\n<p>Siguiendo con la descripci\u00f3n de las Fiestas de Octubre el domingo inmediato al primer viernes de dicho mes se celebra la Anual Romer\u00eda a la Ermita de la Madro\u00f1a , que dista unos cuatro kil\u00f3metros del pueblo y se sit\u00faa en las primeras estribaciones de la Sierra Norte de Sevilla. Esta celebraci\u00f3n ve la luz en 1941 y, pr\u00e1cticamente desde su origen, ha ido experimentado un crecimiento vertiginoso hasta convertirse en lo que es hoy, el d\u00eda romero y festivo no s\u00f3lo de Burguillos sino de toda la comarca. La jornada comienza casi de madrugada con los sones del tamboril y de la Banda de M\u00fasica de Olivares que van despertando a los burguilleros a los sones de sus alegres dianas. A las nueve y media de la ma\u00f1ana el Simpecado sale por la Puerta del Sol de la Parroquia para ser entronizado en su blanca carreta tirada por bueyes. Sin soluci\u00f3n de continuidad se toma el camino hacia la Ermita, lugar al que se llega sobre el mediod\u00eda para celebrar la Misa de Romeros. Tras esto, las diferentes encinas y alcornoques que pueblan el serrano paraje se convierten en centros de convivencia y esparcimiento, prolongado hasta el atardecer, momento en el que se emprende el regreso a la localidad. All\u00ed, y aqu\u00ed viene el dato singular de nuestra Romer\u00eda, espera la Sant\u00edsima Virgen del Rosario, que procesiona de nuevo sobre su paso de salida para recibir a los romeros. Acompa\u00f1a en este caso la Banda de M\u00fasica de la Cruz Roja de Sevilla, que cumple ya dos d\u00e9cadas ininterrumpidas tras el Paso, y abre paso la Banda de las Tres Ca\u00eddas de Triana. Esta tarde de Romer\u00eda es de emoci\u00f3n desbordada toda ella, aunque quiz\u00e1 los momentos m\u00e1s vibrantes se vivan en el encuentro de la Virgen con su Simpecado, en la esquina de las calles Portugal y Paso de la Villa , y en el Desfile de caballistas y carretas ante la Patrona en la Plaza de la Constituci\u00f3n Espa\u00f1ola. Sobre la media noche la Se\u00f1ora atraviesa el dintel de la Parroquia , tras la inefable puja de rigor y se pone as\u00ed fin a la Romer\u00eda en su honor y gloria.<\/p>\n\n\n\n<p>Finalmente, el d\u00eda de la festividad lit\u00fargica de nuestra Amant\u00edsima Titular (7 de octubre) se organizan una Eucarist\u00eda, un Rosario p\u00fablico encabezado por las Insignias de la Hermandad y una ofrenda floral. Igualmente se aprovecha esta \u00faltima jornada para efectuar la Presentaci\u00f3n a la Patrona de los ni\u00f1os nacidos durante el \u00faltimo a\u00f1o en Burguillos.<\/p>\n\n\n\n<p>Para acabar con este ep\u00edgrafe no quisiera dejar de puntualizar como se\u00f1as de identidad propias e intransferibles de nuestras Fiestas tres rasgos principales que le otorgan carta de naturaleza especial:<\/p>\n\n\n\n<ul class=\"wp-block-list\">\n<li>La Virgen procesiona tres veces en el estrecho margen de 72 horas, detalle que creemos \u00fanico en toda Andaluc\u00eda.<\/li>\n\n\n\n<li>La Romer\u00eda se vuelve peculiar al caer la tarde, cuando coinciden en perfecta sincronizaci\u00f3n un cortejo campero con una Procesi\u00f3n cl\u00e1sica de gloria.<\/li>\n\n\n\n<li>Las tradicionales pujas, antes de entrar la Virgen en el Iglesia, cuyos or\u00edgenes se encuentran documentados en el S. XVIII, constituyen un acto irrepetible y que provoca el asombro de los for\u00e1neos, pues se siguen ofreciendo fuertes cantidades de dinero por el simple hecho de portar la Vara dorada de Hermano Mayor cuando el Paso traspasa el umbral de la Iglesia.<\/li>\n<\/ul>\n\n\n\n<figure class=\"wp-block-image alignright size-large\"><img decoding=\"async\" src=\"https:\/\/hermandadrosarioburguillos.es\/wp-content\/uploads\/2023\/09\/costaleros.jpg\" alt=\"\"\/><\/figure>\n\n\n\n<p>Estas tres caracter\u00edsticas, junto con el inusitado auge que viven desde hace lustros, hacen que la Hermandad se plantee, con ocasi\u00f3n de los actos conmemorativos de la futura Coronaci\u00f3n Can\u00f3nica de la Sant\u00edsima Virgen , plantear ante la Autoridad competente la declaraci\u00f3n de nuestras Fiestas Patronales como de Inter\u00e9s Tur\u00edstico de Andaluc\u00eda.<\/p>\n","protected":false},"excerpt":{"rendered":"<p>En su actual configuraci\u00f3n las Fiestas Patronales en honor de la Sant\u00edsima Virgen del Rosario parten del a\u00f1o 1976, cuando se decide realizar en Jueves la Funci\u00f3n Principal y Procesiones y en S\u00e1bado la Romer\u00eda. El experimento no se consolida, pues al a\u00f1o siguiente se instaura la situaci\u00f3n que llega hasta hoy: el d\u00eda de [&hellip;]<\/p>\n","protected":false},"author":1,"featured_media":0,"parent":0,"menu_order":0,"comment_status":"closed","ping_status":"closed","template":"","meta":{"_themeisle_gutenberg_block_has_review":false,"footnotes":""},"class_list":["post-1281","page","type-page","status-publish","hentry"],"_links":{"self":[{"href":"https:\/\/www.hermandadrosarioburguillos.es\/index.php\/wp-json\/wp\/v2\/pages\/1281"}],"collection":[{"href":"https:\/\/www.hermandadrosarioburguillos.es\/index.php\/wp-json\/wp\/v2\/pages"}],"about":[{"href":"https:\/\/www.hermandadrosarioburguillos.es\/index.php\/wp-json\/wp\/v2\/types\/page"}],"author":[{"embeddable":true,"href":"https:\/\/www.hermandadrosarioburguillos.es\/index.php\/wp-json\/wp\/v2\/users\/1"}],"replies":[{"embeddable":true,"href":"https:\/\/www.hermandadrosarioburguillos.es\/index.php\/wp-json\/wp\/v2\/comments?post=1281"}],"version-history":[{"count":6,"href":"https:\/\/www.hermandadrosarioburguillos.es\/index.php\/wp-json\/wp\/v2\/pages\/1281\/revisions"}],"predecessor-version":[{"id":1801,"href":"https:\/\/www.hermandadrosarioburguillos.es\/index.php\/wp-json\/wp\/v2\/pages\/1281\/revisions\/1801"}],"wp:attachment":[{"href":"https:\/\/www.hermandadrosarioburguillos.es\/index.php\/wp-json\/wp\/v2\/media?parent=1281"}],"curies":[{"name":"wp","href":"https:\/\/api.w.org\/{rel}","templated":true}]}}